{"id":148,"date":"2014-09-10T08:09:30","date_gmt":"2014-09-10T06:09:30","guid":{"rendered":"http:\/\/zalepsiobec.eu\/?page_id=148"},"modified":"2014-09-10T13:48:47","modified_gmt":"2014-09-10T11:48:47","slug":"napiste-nam","status":"publish","type":"page","link":"http:\/\/zalepsiobec.eu\/?page_id=148","title":{"rendered":"Napi\u0161te n\u00e1m"},"content":{"rendered":"<p><strong>Emaily sdru\u017een\u00ed:<\/strong><br \/>\n<a href=\"&#109;&#97;&#105;&#108;&#116;&#111;&#58;info&#64;zalepsiobec&#46;eu\">info&#64;<!-- xx@eu.eu -->zalepsiobec&#46;eu<\/a><br \/>\n<a href=\"&#109;&#97;&#105;&#108;&#116;&#111;&#58;zalepsiobec&#64;paskov&#46;cz\">zalepsiobec&#64;<!-- yy@cz.cz -->paskov&#46;cz<\/a><\/p>\n<p><strong>Facebook:<br \/>\n<\/strong><a href=\"http:\/\/www.facebook.com\/zalepsiobec\">www.facebook.com\/zalepsiobec<\/a><\/p>\n<p><strong>Po\u0161tovn\u00ed adresa:<\/strong><br \/>\nZa lep\u0161\u00ed obec Paskov, spolek ob\u010dan\u016f<br \/>\nBezru\u010dova 698<br \/>\n739 21 Paskov<\/p>\n","protected":false},"excerpt":{"rendered":"<p>Emaily sdru\u017een\u00ed: info&#64;zalepsiobec&#46;eu zalepsiobec&#64;paskov&#46;cz Facebook: www.facebook.com\/zalepsiobec Po\u0161tovn\u00ed adresa: Za lep\u0161\u00ed obec Paskov, spolek ob\u010dan\u016f Bezru\u010dova 698 739 21 Paskov<\/p>\n","protected":false},"author":1,"featured_media":0,"parent":0,"menu_order":0,"comment_status":"closed","ping_status":"closed","template":"","meta":[],"_links":{"self":[{"href":"http:\/\/zalepsiobec.eu\/index.php?rest_route=\/wp\/v2\/pages\/148"}],"collection":[{"href":"http:\/\/zalepsiobec.eu\/index.php?rest_route=\/wp\/v2\/pages"}],"about":[{"href":"http:\/\/zalepsiobec.eu\/index.php?rest_route=\/wp\/v2\/types\/page"}],"author":[{"embeddable":true,"href":"http:\/\/zalepsiobec.eu\/index.php?rest_route=\/wp\/v2\/users\/1"}],"replies":[{"embeddable":true,"href":"http:\/\/zalepsiobec.eu\/index.php?rest_route=%2Fwp%2Fv2%2Fcomments&post=148"}],"version-history":[{"count":16,"href":"http:\/\/zalepsiobec.eu\/index.php?rest_route=\/wp\/v2\/pages\/148\/revisions"}],"predecessor-version":[{"id":167,"href":"http:\/\/zalepsiobec.eu\/index.php?rest_route=\/wp\/v2\/pages\/148\/revisions\/167"}],"wp:attachment":[{"href":"http:\/\/zalepsiobec.eu\/index.php?rest_route=%2Fwp%2Fv2%2Fmedia&parent=148"}],"curies":[{"name":"wp","href":"https:\/\/api.w.org\/{rel}","templated":true}]}}