{"id":23,"date":"2014-08-24T22:52:48","date_gmt":"2014-08-24T20:52:48","guid":{"rendered":"http:\/\/zalepsiobec.eu\/?page_id=23"},"modified":"2014-08-24T23:05:40","modified_gmt":"2014-08-24T21:05:40","slug":"kandidatni-listina-pro-volby-do-zastupitelstva-obce-paskov-2010","status":"publish","type":"page","link":"http:\/\/zalepsiobec.eu\/?page_id=23","title":{"rendered":"Kandid\u00e1tka 2010"},"content":{"rendered":"<p>Kandid\u00e1tn\u00ed listina pro Volby do zastupitelstva obce Paskov 2010<\/p>\n<table>\n<tr>\n<td><b>1. Mich\u00e1lek Petr Bc.<\/b><br \/>(soudn\u00ed znalec)<br \/>35 let<\/td>\n<td><b>2. B\u011bl\u00edk Zden\u011bk Bc.<\/b><br \/>(hasi\u010d &#8211; velitel dru\u017estva)<br \/>31 let<\/td>\n<td><b>3. S\u00fdkora Pavel<\/b><br \/>(jednatel firmy)<br \/>45 let<\/td>\n<\/tr>\n<tr>\n<td><b>4. Rundt Vlastimil<\/b><br \/>(d\u016fchodce)<br \/>66 let<\/td>\n<td><b>5. Klimunda Milan Ing.<\/b><br \/>(st\u00e1tn\u00ed zam\u011bstnanec)<br \/>35 let<\/td>\n<td><b>6. Ra\u0161ka Petr Mgr.<\/b><br \/>(u\u010ditel na Z\u0160)<br \/>61 let<\/td>\n<\/tr>\n<tr>\n<td><b>7. O\u017eana Marek MUDr.<\/b><br \/>(l\u00e9ka\u0159)<br \/>44 let<\/td>\n<td><b>8. Kre\u010dmerov\u00e1 Michaela Ing.<\/b><br \/>(ekonom)<br \/>41 let<\/td>\n<td><b>9. Adamus \u010cestm\u00edr<\/b><br \/>(d\u016fchodce)<br \/>63 let<\/td>\n<\/tr>\n<tr>\n<td><b>10. Ly\u010dka Tom\u00e1\u0161 Ing.<\/b><br \/>(technik v energetice)<br \/>35 let<\/td>\n<td><b>11. Bu\u017eek Jaroslav<\/b><br \/>(z\u00e1me\u010dn\u00edk)<br \/>58 let<\/td>\n<td><b>12. Pl\u00e1t Ji\u0159\u00ed<\/b><br \/>(technick\u00fd pracovn\u00edk)<br \/>58 let<\/td>\n<\/tr>\n<tr>\n<td><b>13. Forg\u00e1\u010d Lubom\u00edr<\/b><br \/>(d\u016fchodce)<br \/>68 let<\/td>\n<td><b>14. Bernat\u00edk Ji\u0159\u00ed<\/b><br \/>(OSV\u010c &#8211; u\u010detnictv\u00ed)<br \/>30 let<\/td>\n<td><b>15. Rundt Vladim\u00edr<\/b><br \/>(OSV\u010c)<br \/>42 let<\/td>\n<\/tr>\n<tr>\n<td><b>16. Strako\u0161ov\u00e1 Vendula<\/b><br \/>(\u00fa\u010detn\u00ed)<br \/>31 let<\/td>\n<td><b>17. Forga\u010d Vladim\u00edr ml.<\/b><br \/>(spr\u00e1vce IT)<br \/>30 let<\/td>\n<td><b>18. Michna Petr<\/b><br \/>(jednatel spole\u010dnosti)<br \/>35 let<\/td>\n<\/tr>\n<tr>\n<td><b>19. D\u011bdek Tom\u00e1\u0161<\/b><br \/>(jednatel firmy)<br \/>34 let<\/td>\n<td><b>20. Kyselovsk\u00fd Milan<\/b><br \/>(vedouc\u00ed v\u00fdroby)<br \/>43 let<\/td>\n<td><b>21. \u0160\u00edn Miroslav Bc.<\/b><br \/>(hasi\u010d)<br \/>35 let<\/td>\n<\/tr>\n<\/table>\n","protected":false},"excerpt":{"rendered":"<p>Kandid\u00e1tn\u00ed listina pro Volby do zastupitelstva obce Paskov 2010 1. Mich\u00e1lek Petr Bc.(soudn\u00ed znalec)35 let 2. B\u011bl\u00edk Zden\u011bk Bc.(hasi\u010d &#8211; velitel dru\u017estva)31 let 3. S\u00fdkora Pavel(jednatel firmy)45 let 4. Rundt [&hellip;]<\/p>\n","protected":false},"author":1,"featured_media":0,"parent":0,"menu_order":0,"comment_status":"closed","ping_status":"closed","template":"","meta":[],"_links":{"self":[{"href":"http:\/\/zalepsiobec.eu\/index.php?rest_route=\/wp\/v2\/pages\/23"}],"collection":[{"href":"http:\/\/zalepsiobec.eu\/index.php?rest_route=\/wp\/v2\/pages"}],"about":[{"href":"http:\/\/zalepsiobec.eu\/index.php?rest_route=\/wp\/v2\/types\/page"}],"author":[{"embeddable":true,"href":"http:\/\/zalepsiobec.eu\/index.php?rest_route=\/wp\/v2\/users\/1"}],"replies":[{"embeddable":true,"href":"http:\/\/zalepsiobec.eu\/index.php?rest_route=%2Fwp%2Fv2%2Fcomments&post=23"}],"version-history":[{"count":12,"href":"http:\/\/zalepsiobec.eu\/index.php?rest_route=\/wp\/v2\/pages\/23\/revisions"}],"predecessor-version":[{"id":43,"href":"http:\/\/zalepsiobec.eu\/index.php?rest_route=\/wp\/v2\/pages\/23\/revisions\/43"}],"wp:attachment":[{"href":"http:\/\/zalepsiobec.eu\/index.php?rest_route=%2Fwp%2Fv2%2Fmedia&parent=23"}],"curies":[{"name":"wp","href":"https:\/\/api.w.org\/{rel}","templated":true}]}}