{"id":314,"date":"2018-09-08T22:25:49","date_gmt":"2018-09-08T20:25:49","guid":{"rendered":"http:\/\/zalepsiobec.eu\/?page_id=314"},"modified":"2022-08-24T19:33:53","modified_gmt":"2022-08-24T17:33:53","slug":"kandidatni-listina-spolku-2018","status":"publish","type":"page","link":"http:\/\/zalepsiobec.eu\/?page_id=314","title":{"rendered":"Kandid\u00e1tn\u00ed listina 2018"},"content":{"rendered":"<table style=\"border-collapse: collapse; width: 100%;\" border=\"1\">\n<tbody>\n<tr>\n<td style=\"width: 33.3333%; text-align: center;\"><img loading=\"lazy\" class=\"aligncenter size-full wp-image-358\" src=\"http:\/\/zalepsiobec.eu\/wp-content\/uploads\/2018-01.jpg\" alt=\"\" width=\"140\" height=\"140\">1. Ing. Milan Klimunda<br \/>\n43 let, rada,<br \/>\nm\u00edstostarosta<\/td>\n<td style=\"width: 33.3333%; text-align: center;\"><img loading=\"lazy\" class=\"aligncenter size-full wp-image-359\" src=\"http:\/\/zalepsiobec.eu\/wp-content\/uploads\/2018-02.jpg\" alt=\"\" width=\"140\" height=\"140\">2. Ing. Zden\u011bk B\u011bl\u00edk<br \/>\n39 let, hasi\u010d \u2013 velitel,<br \/>\nm\u00edstostarosta<\/td>\n<td style=\"width: 33.3333%; text-align: center;\"><img loading=\"lazy\" class=\"aligncenter size-full wp-image-360\" src=\"http:\/\/zalepsiobec.eu\/wp-content\/uploads\/2018-03.jpg\" alt=\"\" width=\"140\" height=\"140\">3. Ing. Petr Mich\u00e1lek<br \/>\n43 let, soudn\u00ed znalec<\/td>\n<\/tr>\n<tr>\n<td style=\"width: 33.3333%; text-align: center;\"><img loading=\"lazy\" class=\"aligncenter size-full wp-image-358\" src=\"http:\/\/zalepsiobec.eu\/wp-content\/uploads\/2018-04.jpg\" alt=\"\" width=\"140\" height=\"140\">4. Ing. Michaela Kre\u010dmerov\u00e1<br \/>\n49 let, ekonom<\/td>\n<td style=\"width: 33.3333%; text-align: center;\"><img loading=\"lazy\" class=\"aligncenter size-full wp-image-359\" src=\"http:\/\/zalepsiobec.eu\/wp-content\/uploads\/2018-05.jpg\" alt=\"\" width=\"140\" height=\"140\">5. Pavel S\u00fdkora<br \/>\n53 let, jednatel<\/td>\n<td style=\"width: 33.3333%; text-align: center;\"><img loading=\"lazy\" class=\"aligncenter size-full wp-image-360\" src=\"http:\/\/zalepsiobec.eu\/wp-content\/uploads\/2018-06.jpg\" alt=\"\" width=\"140\" height=\"140\">6. Miroslav Stan\u011bk<br \/>\n44 let, \u0159idi\u010d<\/td>\n<\/tr>\n<tr>\n<td style=\"width: 33.3333%; text-align: center;\"><img loading=\"lazy\" class=\"aligncenter size-full wp-image-358\" src=\"http:\/\/zalepsiobec.eu\/wp-content\/uploads\/2018-07.jpg\" alt=\"\" width=\"140\" height=\"140\">7. Ing. Tom\u00e1\u0161 Ly\u010dka<br \/>\n43 let, technik v energetice<\/td>\n<td style=\"width: 33.3333%; text-align: center;\"><img loading=\"lazy\" class=\"aligncenter size-full wp-image-359\" src=\"http:\/\/zalepsiobec.eu\/wp-content\/uploads\/2018-08.jpg\" alt=\"\" width=\"140\" height=\"140\">8. Ing. Igor Klimunda<br \/>\n41 let, produktov\u00fd mana\u017eer<\/td>\n<td style=\"width: 33.3333%; text-align: center;\"><img loading=\"lazy\" class=\"aligncenter size-full wp-image-360\" src=\"http:\/\/zalepsiobec.eu\/wp-content\/uploads\/2018-09.jpg\" alt=\"\" width=\"140\" height=\"140\">9. MUDr. Marek O\u017eana<br \/>\n52 let, prim\u00e1\u0159 por. gyn. odd.<\/td>\n<\/tr>\n<tr>\n<td style=\"width: 33.3333%; text-align: center;\"><img loading=\"lazy\" class=\"aligncenter size-full wp-image-358\" src=\"http:\/\/zalepsiobec.eu\/wp-content\/uploads\/2018-10.jpg\" alt=\"\" width=\"140\" height=\"140\">10. Bc. Petr Michna<br \/>\n43 let, jednatel<\/td>\n<td style=\"width: 33.3333%; text-align: center;\"><img loading=\"lazy\" class=\"aligncenter size-full wp-image-359\" src=\"http:\/\/zalepsiobec.eu\/wp-content\/uploads\/2018-11.jpg\" alt=\"\" width=\"140\" height=\"140\">11. Martin Kre\u010dmer<br \/>\n46 let, v\u00fdvojov\u00fd technik<\/td>\n<td style=\"width: 33.3333%; text-align: center;\"><img loading=\"lazy\" class=\"aligncenter size-full wp-image-360\" src=\"http:\/\/zalepsiobec.eu\/wp-content\/uploads\/2018-12.jpg\" alt=\"\" width=\"140\" height=\"140\">12. Mgr. Petr Ra\u0161ka<br \/>\n69 let, d\u016fchodce<\/td>\n<\/tr>\n<tr>\n<td style=\"width: 33.3333%; text-align: center;\"><img loading=\"lazy\" class=\"aligncenter size-full wp-image-358\" src=\"http:\/\/zalepsiobec.eu\/wp-content\/uploads\/2018-13.jpg\" alt=\"\" width=\"140\" height=\"140\">13. Milan Kyselovsk\u00fd<br \/>\n51 let, mistr v\u00fdroby<\/td>\n<td style=\"width: 33.3333%; text-align: center;\"><img loading=\"lazy\" class=\"aligncenter size-full wp-image-359\" src=\"http:\/\/zalepsiobec.eu\/wp-content\/uploads\/2018-14.jpg\" alt=\"\" width=\"140\" height=\"140\">14. Bc. Lucie Da\u0148kov\u00e1<br \/>\n46 let, projektant<\/td>\n<td style=\"width: 33.3333%; text-align: center;\"><img loading=\"lazy\" class=\"aligncenter size-full wp-image-360\" src=\"http:\/\/zalepsiobec.eu\/wp-content\/uploads\/2018-15.jpg\" alt=\"\" width=\"140\" height=\"140\">15. Radom\u00edr Klega ml.<br \/>\n22 let, student<\/td>\n<\/tr>\n<tr>\n<td style=\"width: 33.3333%; text-align: center;\"><img loading=\"lazy\" class=\"aligncenter size-full wp-image-358\" src=\"http:\/\/zalepsiobec.eu\/wp-content\/uploads\/2018-16.jpg\" alt=\"\" width=\"140\" height=\"140\">16. Viktor \u0160odek<br \/>\n26 let, OSV\u010c<\/td>\n<td style=\"width: 33.3333%; text-align: center;\"><img loading=\"lazy\" class=\"aligncenter size-full wp-image-359\" src=\"http:\/\/zalepsiobec.eu\/wp-content\/uploads\/2018-17.jpg\" alt=\"\" width=\"140\" height=\"140\">17. Jaroslav Bu\u017eek<br \/>\n66 let, d\u016fchodce<\/td>\n<td style=\"width: 33.3333%; text-align: center;\"><img loading=\"lazy\" class=\"aligncenter size-full wp-image-360\" src=\"http:\/\/zalepsiobec.eu\/wp-content\/uploads\/2018-18.jpg\" alt=\"\" width=\"140\" height=\"140\">18. Ond\u0159ej D\u011bdek<br \/>\n47 let, jednatel<\/td>\n<\/tr>\n<tr>\n<td style=\"width: 33.3333%; text-align: center;\"><img loading=\"lazy\" class=\"aligncenter size-full wp-image-358\" src=\"http:\/\/zalepsiobec.eu\/wp-content\/uploads\/2018-19.jpg\" alt=\"\" width=\"140\" height=\"140\">19. Vendula Drabinov\u00e1<br \/>\n39 let, \u00fa\u010detn\u00ed<\/td>\n<td style=\"width: 33.3333%; text-align: center;\"><img loading=\"lazy\" class=\"aligncenter size-full wp-image-359\" src=\"http:\/\/zalepsiobec.eu\/wp-content\/uploads\/2018-20.jpg\" alt=\"\" width=\"140\" height=\"140\">20. Lubom\u00edr Forga\u010d<br \/>\n76 let, d\u016fchodce<\/td>\n<td style=\"width: 33.3333%; text-align: center;\"><img loading=\"lazy\" class=\"aligncenter size-full wp-image-360\" src=\"http:\/\/zalepsiobec.eu\/wp-content\/uploads\/2018-21.jpg\" alt=\"\" width=\"140\" height=\"140\">21. Roman Krej\u010d\u00ed<br \/>\n40 let, OSV\u010c<\/td>\n<\/tr>\n<\/tbody>\n<\/table>\n","protected":false},"excerpt":{"rendered":"<p>1. Ing. Milan Klimunda 43 let, rada, m\u00edstostarosta 2. Ing. Zden\u011bk B\u011bl\u00edk 39 let, hasi\u010d \u2013 velitel, m\u00edstostarosta 3. Ing. Petr Mich\u00e1lek 43 let, soudn\u00ed znalec 4. Ing. Michaela Kre\u010dmerov\u00e1 [&hellip;]<\/p>\n","protected":false},"author":1,"featured_media":0,"parent":0,"menu_order":0,"comment_status":"closed","ping_status":"closed","template":"","meta":[],"_links":{"self":[{"href":"http:\/\/zalepsiobec.eu\/index.php?rest_route=\/wp\/v2\/pages\/314"}],"collection":[{"href":"http:\/\/zalepsiobec.eu\/index.php?rest_route=\/wp\/v2\/pages"}],"about":[{"href":"http:\/\/zalepsiobec.eu\/index.php?rest_route=\/wp\/v2\/types\/page"}],"author":[{"embeddable":true,"href":"http:\/\/zalepsiobec.eu\/index.php?rest_route=\/wp\/v2\/users\/1"}],"replies":[{"embeddable":true,"href":"http:\/\/zalepsiobec.eu\/index.php?rest_route=%2Fwp%2Fv2%2Fcomments&post=314"}],"version-history":[{"count":25,"href":"http:\/\/zalepsiobec.eu\/index.php?rest_route=\/wp\/v2\/pages\/314\/revisions"}],"predecessor-version":[{"id":681,"href":"http:\/\/zalepsiobec.eu\/index.php?rest_route=\/wp\/v2\/pages\/314\/revisions\/681"}],"wp:attachment":[{"href":"http:\/\/zalepsiobec.eu\/index.php?rest_route=%2Fwp%2Fv2%2Fmedia&parent=314"}],"curies":[{"name":"wp","href":"https:\/\/api.w.org\/{rel}","templated":true}]}}