{"id":37,"date":"2014-08-24T23:02:17","date_gmt":"2014-08-24T21:02:17","guid":{"rendered":"http:\/\/zalepsiobec.eu\/?page_id=37"},"modified":"2014-08-24T23:02:17","modified_gmt":"2014-08-24T21:02:17","slug":"volebni-program-2010","status":"publish","type":"page","link":"http:\/\/zalepsiobec.eu\/?page_id=37","title":{"rendered":"Volebn\u00ed program 2010"},"content":{"rendered":"<p><strong>1. Komun\u00e1ln\u00ed odpad a \u017eivotn\u00ed prost\u0159ed\u00ed<\/strong><br \/>\n<em>&#8220;Ob\u010dan\u00e9 chceme Paskov \u010dist\u011bj\u0161\u00ed ne\u017e je..a mysl\u00edme si \u017ee to p\u016fjde.&#8221;<\/em><br \/>\nOchrana \u017eivotn\u00edho prost\u0159ed\u00ed a hlavn\u011b zelen\u011b v na\u0161\u00ed obci pokl\u00e1d\u00e1me za d\u016fle\u017eitou sou\u010d\u00e1st na\u0161eho programu, kter\u00fd budeme prosazovat. Na\u0161e sdru\u017een\u00ed bude prosazovat z\u0159\u00edzen\u00ed sb\u011brn\u00e9ho dvora v obci a zv\u00fd\u0161en\u00ed kapacit kontejneru na t\u0159\u00edd\u011bn\u00fd odpad voln\u011b p\u0159\u00edstupn\u00e9 nejen p\u0159ed volbami, ale i po volb\u00e1ch. Pro majitel\u00e9 rodinn\u00fdch dom\u016f a zahrad chceme tak\u00e9 prosadit zaji\u0161t\u011bn\u00ed sezonn\u00edho kontejneru na pokosenou tr\u00e1vu a list\u00ed-bio-odpad. T\u00edmto bychom cht\u011bli omezit vzniku \u010dern\u00fdch skl\u00e1dek a zne\u010di\u0161\u0165ov\u00e1n\u00ed \u017eivotn\u00edho prost\u0159ed\u00ed v na\u0161\u00ed obci. Nel\u00edb\u00ed se n\u00e1m tak\u00e9 n\u011bkter\u00e9 obecn\u00ed plochy a to jak se o n\u011b obec star\u00e1..<\/p>\n<p><strong>2. Ve\u0159ejn\u00e9 zak\u00e1zky &#8211; chceme, aby byly opravdu ve\u0159ejn\u00e9<\/strong><br \/>\n<em>&#8220;Chceme aby ka\u017ed\u00fd ob\u010dan m\u011bl maxim\u00e1ln\u00ed p\u0159\u00edstup k informac\u00edm.&#8221;<\/em><br \/>\nBudeme prosazovat pr\u016fhlednost v\u00fdb\u011brov\u00fdch \u0159\u00edzen\u00ed a to zve\u0159ej\u0148ov\u00e1n\u00edm kriteri\u00ed projekt\u016f, zve\u0159ej\u0148ov\u00e1n\u00edm skute\u010dnosti o jejich stavu v pr\u016fb\u011bhu akc\u00ed a to p\u0159ed i po jejich dokon\u010den\u00ed. Ob\u010dany pak chceme informovat o samotn\u00e9m pr\u016fb\u011bhu cel\u00e9 ve\u0159ejn\u00e9 zak\u00e1zky a to v\u010detn\u011b projektu, stavebn\u00edho dozorovan\u00ed financov\u00e1n\u00ed a hlavn\u011b kdo zak\u00e1zku vyhr\u00e1l a pro\u010d. Informace o ve\u0159ejn\u00fdch zak\u00e1zk\u00e1ch chce zp\u0159\u00edstupnit pro ob\u010dany a to formou pr\u016fb\u011b\u017en\u00fdch informac\u00ed na internetu nebo informacemi v Paskovsk\u00e9m zpravodaji. M\u00e1me z\u00e1jem podporovat m\u00edstn\u00ed firmy a \u017eivnostn\u00edky, m\u00e1me z\u00e1jem aby se v\u00edce uch\u00e1zeli o na\u0161e obecn\u00ed zak\u00e1zky.<\/p>\n<p><strong>3. Roz\u0161\u00ed\u0159en\u00ed volno\u010dasov\u00fdch a sportovn\u00edch aktivit pro dosp\u011bl\u00e9 a ml\u00e1de\u017e<\/strong><br \/>\n<em>&#8220;Ob\u010dan\u00e9 prost\u011b chceme aby jste v\u011bd\u011bli, \u017ee n\u011bjac\u00ed zahr\u00e1dk\u00e1\u0159i, ryb\u00e1\u0159i, sportovn\u00ed kluby a sdru\u017een\u00ed v Paskov\u011b v\u016fbec existuj\u00ed.&#8221;<\/em><br \/>\nBudeme podporovat kulturn\u00ed a spole\u010densk\u00e9 vy\u017eit\u00ed pro dosp\u011bl\u00e9 d\u011bti a ml\u00e1de\u017e. Budeme podporovat sportovn\u00ed akce po\u0159\u00e1dan\u00e9 obc\u00ed, akce z\u00e1jmov\u00fdch klub\u016f i organizac\u00ed. Cht\u011bli bychom nal\u00e9zt voln\u011b p\u0159\u00edstupn\u00e9 prostory pro odpo\u010dinek a sportovn\u00ed vy\u017eit\u00ed ob\u010dan\u016f. (sportovn\u00ed h\u0159i\u0161t\u011b, d\u011btsk\u00e9 h\u0159i\u0161t\u011b, komunitn\u00ed centrum). H\u00e1zenk\u00e1\u0159i, florbalist\u00e9 a dal\u0161\u00ed sportovn\u00ed kluby , zahr\u00e1dk\u00e1\u0159i, chovatel\u00e9, ryb\u00e1\u0159i a na\u0161i senio\u0159i to v\u0161echno jsou uskupen\u00ed, kter\u00e9 bychom cht\u011bli podporovat v jejich \u010dinnostech a v\u00edce vyu\u017e\u00edt jejich aktivit pro spolupr\u00e1ci s ml\u00e1de\u017e\u00ed a d\u011btmi.<\/p>\n<p><strong>4. Zlep\u0161en\u00ed komunikace obce s ob\u010dany a v\u011bt\u0161\u00ed bezpe\u010dnost<\/strong><br \/>\n<em>&#8220;Chceme, aby jste m\u011bli mo\u017enost p\u0159ij\u00edt a poradit se, nebo se zeptat sv\u00e9ho zastupitele, m\u00edstostarosty nebo starosty na ty v\u011bci, kter\u00e9 v\u00e1s zaj\u00edmaj\u00ed nebo naopak, kter\u00e9 V\u00e1s tr\u00e1p\u00ed. Paskov by si zaslou\u017eil v\u011bt\u0161\u00ed pozornost policie.&#8221;<\/em><br \/>\nBudeme prosazovat zlep\u0161en\u00ed komunikace OBEC -&gt; OB\u010cAN a podrobn\u011b informovat ob\u010dany o chodu na\u0161\u00ed obce. Budeme prosazovat z\u00e1jmy a chr\u00e1nit majetek ob\u010dan\u016f. Cht\u011bli bychom znovu z\u0159\u00eddit policejn\u00ed slu\u017eebnu a v\u00edme jak na to. Cht\u011bli bychom z\u0159\u00eddit schr\u00e1nku d\u016fv\u011bry ve spolupr\u00e1ci s P\u010cR, kde by m\u011bl ob\u010dan mo\u017enost nahl\u00e1sit trestnou \u010dinnost nebo napsat p\u0159ipom\u00ednky a n\u00e1m\u011bty jak zlep\u0161it chod obce. Podporujeme v\u011bt\u0161\u00ed diskuzi mezi ZASTUPITEL -&gt; OB\u010cAN. \u00damysln\u011b, a proto je i slo\u017een\u00ed na\u0161ich \u010dlenu sdru\u017een\u00ed tak r\u016fznorod\u00e9,co se tyk\u00e1 v\u011bku, zajmu a m\u00edsta bydlen\u00ed. Chceme taky vytvo\u0159it \u00fapln\u011b novou internetovou str\u00e1nku obce Paskov.<\/p>\n<p><strong>5. V\u011bt\u0161\u00ed zapojen\u00ed m\u00edstn\u00edch firem ve v\u0161ech \u010dinnostech obce<\/strong><br \/>\n<em>&#8220;Cht\u011bli bychom zapojit m\u00edstn\u00ed firmy v\u00edce do n\u011bkter\u00fdch neziskov\u00fdch a jin\u00fdch \u010dinnost\u00ed obce.&#8221; <\/em><br \/>\nChceme d\u016fsledn\u011bji komunikovat s m\u00edstn\u00edmi podnikateli a firmami, budeme hledat cesty, aby bylo i v jejich z\u00e1jmu zapojit se do d\u011bn\u00ed obce a t\u00edm se pod\u00edleli na zkvalitn\u011bn\u00ed samotn\u00e9ho \u017eivota v obci. Cht\u011bli bychom, aby p\u0159\u00edpadn\u011b i v\u00edce podporovaly sportovn\u00ed, spole\u010densk\u00e9 a kulturn\u00ed organizace a kluby, a to nejen formou prisp\u011bvku, finan\u010dn\u00edho (jako dosud), ale i poskytnut\u00fdmi slu\u017ebami dle zam\u011b\u0159en\u00ed dan\u00e9 firmy.<\/p>\n<p><strong>6. \u0158e\u0161en\u00ed problematiky domova pro seniory<\/strong><br \/>\n<em>&#8220;Ob\u010dan\u00e9, kdy\u017e tady bydl\u00edme a m\u00e1me na\u0161\u00ed obec r\u00e1di, mysl\u00edme si, \u017ee by jsme zde m\u011bli mit i d\u016fstojn\u00e9 m\u00edsto, kde budeme moci zest\u00e1rnout v kruhu rodiny p\u0159\u00edbuzn\u00fdch a p\u0159\u00e1tel.<\/em>&#8221;<br \/>\nCht\u011bli bychom se do budoucna tak\u00e9 zasadit o zah\u00e1jen\u00ed diskuze o vybudov\u00e1n\u00ed domova pro seniory nebo nalezen\u00ed k tomuto vhodn\u00fdch prostor. Tento bod je pro n\u00e1s v\u0161echny do budoucna tak\u00e9 velmi d\u016fle\u017eit\u00fd. Nemysl\u00edme si, \u017ee st\u00e1vaj\u00edc\u00ed \u0159e\u0161en\u00ed problematiky paskovsk\u00fdch senior\u016f je pro n\u011b osobn\u011b vyhovuj\u00edc\u00ed.<\/p>\n<p><strong>7. Paskovsk\u00fd z\u00e1mek<\/strong><br \/>\n<em>&#8220;Dominanta Paskova je v ohro\u017een\u00ed s t\u00edm se <strong>mus\u00ed<\/strong> n\u011bco ud\u011blat.&#8221;<\/em><br \/>\nPodporujeme z\u00e1chranu paskovsk\u00e9ho z\u00e1mku (b\u00fdvala radioterapeutick\u00e1 l\u00e9\u010debna v majetku Fakultn\u00ed nemocnice Ostrava-Poruba). Cht\u011bli bychom zn\u00e1t jasn\u00e9 stanovisko FnOP k dan\u00e9 problematice z\u00e1mku a mo\u017en\u00e1 navrhnut\u00e1 \u0159e\u0161en\u00ed vyu\u017eit\u00ed nebo dal\u0161\u00edho postupu v nakl\u00e1d\u00e1n\u00ed s paskovsk\u00fdm z\u00e1mkem. Cht\u011bli bychom v\u00edce vyu\u017e\u00edt mo\u017enosti z\u00e1meck\u00e9ho parku pro ve\u0159ejnost p\u0159ev\u00e1\u017en\u011b pro odpo\u010dinek a relaxaci. Nemysl\u00edme si, \u017ee za\u0159azen\u00ed paskovsk\u00e9ho z\u00e1mku do brown fields (\u201eOpu\u0161t\u011bn\u00e9 \u010di nevyu\u017e\u00edvan\u00e9 pozemky a objekty, kter\u00e9 vy\u017eaduje zvl\u00e1\u0161tn\u00ed p\u00e9\u010di p\u0159i jeho regeneraci.\u201c ) v katastru nemovitost\u00ed \u010cR pom\u016f\u017ee n\u011bjak\u00fdm zp\u016fsobem vy\u0159e\u0161it danou situaci s paskovsk\u00fdm z\u00e1mkem. Nep\u0159ejme si, aby byla nemovitost prod\u00e1na. Nechat objekt za na\u0161eho p\u0159ihl\u00ed\u017een\u00ed zch\u00e1trat, zbourat a pozemky n\u00e1sledn\u011b prodat developersk\u00e9 spole\u010dnosti je pro n\u00e1s nep\u0159\u00edpustn\u00e9. Chceme naj\u00edt co mo\u017en\u00e1 nejlep\u0161\u00ed \u0159e\u0161en\u00ed p\u0159ijateln\u00e9 pro obec a ob\u010dany Paskova.<\/p>\n<p><em>&#8220;D\u011bkujeme pokud jste do\u010detli na\u0161e n\u00e1zory a my\u0161lenky, kter\u00e9 chceme prosazovat a podporovat a\u017e do konce..<\/em>&#8221;<\/p>\n","protected":false},"excerpt":{"rendered":"<p>1. Komun\u00e1ln\u00ed odpad a \u017eivotn\u00ed prost\u0159ed\u00ed &#8220;Ob\u010dan\u00e9 chceme Paskov \u010dist\u011bj\u0161\u00ed ne\u017e je..a mysl\u00edme si \u017ee to p\u016fjde.&#8221; Ochrana \u017eivotn\u00edho prost\u0159ed\u00ed a hlavn\u011b zelen\u011b v na\u0161\u00ed obci pokl\u00e1d\u00e1me za d\u016fle\u017eitou sou\u010d\u00e1st [&hellip;]<\/p>\n","protected":false},"author":1,"featured_media":0,"parent":0,"menu_order":0,"comment_status":"closed","ping_status":"closed","template":"","meta":[],"_links":{"self":[{"href":"http:\/\/zalepsiobec.eu\/index.php?rest_route=\/wp\/v2\/pages\/37"}],"collection":[{"href":"http:\/\/zalepsiobec.eu\/index.php?rest_route=\/wp\/v2\/pages"}],"about":[{"href":"http:\/\/zalepsiobec.eu\/index.php?rest_route=\/wp\/v2\/types\/page"}],"author":[{"embeddable":true,"href":"http:\/\/zalepsiobec.eu\/index.php?rest_route=\/wp\/v2\/users\/1"}],"replies":[{"embeddable":true,"href":"http:\/\/zalepsiobec.eu\/index.php?rest_route=%2Fwp%2Fv2%2Fcomments&post=37"}],"version-history":[{"count":3,"href":"http:\/\/zalepsiobec.eu\/index.php?rest_route=\/wp\/v2\/pages\/37\/revisions"}],"predecessor-version":[{"id":40,"href":"http:\/\/zalepsiobec.eu\/index.php?rest_route=\/wp\/v2\/pages\/37\/revisions\/40"}],"wp:attachment":[{"href":"http:\/\/zalepsiobec.eu\/index.php?rest_route=%2Fwp%2Fv2%2Fmedia&parent=37"}],"curies":[{"name":"wp","href":"https:\/\/api.w.org\/{rel}","templated":true}]}}