{"id":52,"date":"2014-09-05T14:06:41","date_gmt":"2014-09-05T12:06:41","guid":{"rendered":"http:\/\/zalepsiobec.eu\/?page_id=52"},"modified":"2022-08-24T21:32:12","modified_gmt":"2022-08-24T19:32:12","slug":"o-nas","status":"publish","type":"page","link":"http:\/\/zalepsiobec.eu\/?page_id=52","title":{"rendered":"O n\u00e1s"},"content":{"rendered":"<h2>Kdo jsme a o co n\u00e1m jde?<\/h2>\n<p style=\"text-align: justify;\">Nejsme \u017e\u00e1dn\u00e1 politick\u00e1 strana, jsme pouze sdru\u017een\u00ed m\u00edstn\u00edch ob\u010dan\u016f Paskova a Oprechtic ochotn\u00fdch pro zlep\u0161en\u00ed na\u0161\u00ed obce n\u011bco ud\u011blat. Zakl\u00e1d\u00e1me si na tom, \u017ee prostor u n\u00e1s najdou mlad\u00ed i star\u0161\u00ed. Nikoho nelustrujeme pro jeho politick\u00e9 sm\u00fd\u0161len\u00ed, a\u0165 u\u017e je nalevo, \u010di napravo. Up\u0159ednost\u0148ujeme v\u017edy prosp\u011bch obce p\u0159ed stranick\u00fdmi na\u0159\u00edzen\u00edmi a politika\u0159en\u00edm! Stoj\u00edme si za n\u00e1zorem, \u017ee v\u00a0komun\u00e1ln\u00ed politice, velikosti na\u0161\u00ed obce, je nutn\u00e9 se d\u00edvat na jedn\u00e1n\u00ed a charakter jednotlivce, ne\u017e jej posuzovat podle toho, kter\u00e9 strany je \u010dlenem. Ka\u017ed\u00fd \u010dlov\u011bk, kter\u00fd je v\u00a0obci aktivn\u00ed, zaj\u00edm\u00e1 se o d\u011bn\u00ed a zapojuje se do \u010dinnost\u00ed ve prosp\u011bch sv\u00fdch spoluob\u010dan\u016f, je pro obec p\u0159\u00ednosem a zavrhovat jej pro jeho politickou p\u0159\u00edslu\u0161nost nap\u0159\u00ed\u010d cel\u00fdm politick\u00fdm spektrem, a\u0165 u\u017e zprava nebo zleva, by byla, alespo\u0148 dle na\u0161eho n\u00e1zoru, \u0161koda. Rovn\u011b\u017e se nikdy nesn\u00ed\u017e\u00edme k\u00a0tomu, abychom pomlouvali sv\u00e9 \u201epolitick\u00e9\u201c protivn\u00edky a sv\u00e1d\u011bli na n\u011b vinu za na\u0161e ne\u00fasp\u011bchy.<br \/>\nJsme p\u0159edev\u0161\u00edm ob\u010dan\u00e9 Paskova a Oprechtic, kter\u00fdm nen\u00ed lhostejno, co se v na\u0161\u00ed obci d\u011bje. Z\u00e1rove\u0148 sd\u00edl\u00edme n\u00e1zor, \u017ee politika do \u0159e\u0161en\u00ed obecn\u00edch probl\u00e9mu nepat\u0159\u00ed, a proto nechceme b\u00fdt spojov\u00e1ni a v\u00e1z\u00e1ni s \u017e\u00e1dnou politickou stranou.<\/p>\n<p>V p\u0159\u00edpad\u011b zvolen\u00ed budou na\u0161i kandid\u00e1ti p\u0159edev\u0161\u00edm prosazovat:<\/p>\n<ul>\n<li>investi\u010dn\u00ed akce prosp\u011b\u0161n\u00e9 co nej\u0161ir\u0161\u00ed skupin\u011b lid\u00ed<\/li>\n<li>v\u011bt\u0161\u00ed informovanost ve\u0159ejnosti o zak\u00e1zk\u00e1ch zad\u00e1van\u00fdch obc\u00ed, a to p\u0159ed zah\u00e1jen\u00edm, v pr\u016fb\u011bhu\u00a0 i po ukon\u010den\u00ed akce<\/li>\n<li>zapojen\u00ed na\u0161ich ob\u010dan\u016f do chodu obce formou diskus\u00ed, anket a pod.<\/li>\n<li>co nej\u0161ir\u0161\u00ed podporu sportovn\u00edch a kulturn\u00edch aktivit v\u0161ech ob\u010dan\u016f<\/li>\n<li>v\u011bt\u0161\u00ed spolupr\u00e1ci s velk\u00fdmi okoln\u00edmi firmami, aby se v\u00fdrazn\u011bji pod\u00edlely na zkvalitn\u011bn\u00ed \u017eivota v na\u0161\u00ed obci<\/li>\n<\/ul>\n<p>Nemus\u00edte n\u00e1s volit, nemus\u00edte s n\u00e1mi ve v\u0161em souhlasit. Dejte n\u00e1m ale mo\u017enost, zkusit ud\u011blat Paskov a Oprechtice o n\u011bco lep\u0161\u00edm m\u00edstem pro \u017eivot.<br \/>\nV\u017edy\u0165 v\u0161ichni zde:<br \/>\n&#8211; bydl\u00edme,<br \/>\n&#8211; pracujeme,<br \/>\n&#8211; vychov\u00e1v\u00e1me d\u011bti,<br \/>\n&#8211; vod\u00edme je do \u0161kolky, \u0161koly<br \/>\n&#8211; tr\u00e1v\u00edme zde voln\u00fd \u010das,<br \/>\n&#8230; prost\u011b \u017eijeme!<br \/>\nJe tedy na n\u00e1s, na n\u00e1s v\u0161ech, jak si ten \u017eivot zde za\u0159\u00edd\u00edme a co nejv\u00edc i zp\u0159\u00edjemn\u00edme.<\/p>\n<p><a href=\"http:\/\/zalepsiobec.eu\/wp-content\/uploads\/spolu2022-onas.jpeg\"><img loading=\"lazy\" class=\"aligncenter wp-image-690 size-large\" src=\"http:\/\/zalepsiobec.eu\/wp-content\/uploads\/spolu2022-onas-1024x517.jpeg\" alt=\"Za lep\u0161\u00ed obec Paskov 2022\" width=\"800\" height=\"404\" srcset=\"http:\/\/zalepsiobec.eu\/wp-content\/uploads\/spolu2022-onas-1024x517.jpeg 1024w, http:\/\/zalepsiobec.eu\/wp-content\/uploads\/spolu2022-onas-300x151.jpeg 300w, http:\/\/zalepsiobec.eu\/wp-content\/uploads\/spolu2022-onas-768x388.jpeg 768w, http:\/\/zalepsiobec.eu\/wp-content\/uploads\/spolu2022-onas-1536x775.jpeg 1536w, http:\/\/zalepsiobec.eu\/wp-content\/uploads\/spolu2022-onas-150x76.jpeg 150w, http:\/\/zalepsiobec.eu\/wp-content\/uploads\/spolu2022-onas-250x126.jpeg 250w, http:\/\/zalepsiobec.eu\/wp-content\/uploads\/spolu2022-onas.jpeg 1920w\" sizes=\"(max-width: 800px) 100vw, 800px\" \/><\/a><\/p>\n","protected":false},"excerpt":{"rendered":"<p>Kdo jsme a o co n\u00e1m jde? Nejsme \u017e\u00e1dn\u00e1 politick\u00e1 strana, jsme pouze sdru\u017een\u00ed m\u00edstn\u00edch ob\u010dan\u016f Paskova a Oprechtic ochotn\u00fdch pro zlep\u0161en\u00ed na\u0161\u00ed obce n\u011bco ud\u011blat. Zakl\u00e1d\u00e1me si na tom, [&hellip;]<\/p>\n","protected":false},"author":1,"featured_media":0,"parent":0,"menu_order":0,"comment_status":"closed","ping_status":"closed","template":"","meta":[],"_links":{"self":[{"href":"http:\/\/zalepsiobec.eu\/index.php?rest_route=\/wp\/v2\/pages\/52"}],"collection":[{"href":"http:\/\/zalepsiobec.eu\/index.php?rest_route=\/wp\/v2\/pages"}],"about":[{"href":"http:\/\/zalepsiobec.eu\/index.php?rest_route=\/wp\/v2\/types\/page"}],"author":[{"embeddable":true,"href":"http:\/\/zalepsiobec.eu\/index.php?rest_route=\/wp\/v2\/users\/1"}],"replies":[{"embeddable":true,"href":"http:\/\/zalepsiobec.eu\/index.php?rest_route=%2Fwp%2Fv2%2Fcomments&post=52"}],"version-history":[{"count":8,"href":"http:\/\/zalepsiobec.eu\/index.php?rest_route=\/wp\/v2\/pages\/52\/revisions"}],"predecessor-version":[{"id":692,"href":"http:\/\/zalepsiobec.eu\/index.php?rest_route=\/wp\/v2\/pages\/52\/revisions\/692"}],"wp:attachment":[{"href":"http:\/\/zalepsiobec.eu\/index.php?rest_route=%2Fwp%2Fv2%2Fmedia&parent=52"}],"curies":[{"name":"wp","href":"https:\/\/api.w.org\/{rel}","templated":true}]}}