{"id":727,"date":"2022-08-24T23:17:19","date_gmt":"2022-08-24T21:17:19","guid":{"rendered":"http:\/\/zalepsiobec.eu\/?page_id=727"},"modified":"2022-08-24T23:17:19","modified_gmt":"2022-08-24T21:17:19","slug":"volebni-program-2022","status":"publish","type":"page","link":"http:\/\/zalepsiobec.eu\/?page_id=727","title":{"rendered":"Volebn\u00ed program 2022"},"content":{"rendered":"<h2>Co je podle n\u00e1s nyn\u00ed d\u016fle\u017eit\u00e9 &#8230;<strong><br \/>\n<\/strong><\/h2>\n<h3>M\u00edstn\u00ed pr\u016fmysl a \u017eivotn\u00ed prost\u0159ed\u00ed<\/h3>\n<ul>\n<li>Likvidace haldy nesm\u00ed zhor\u0161it \u017eivot v Paskov\u011b<\/li>\n<li>Realizace protihlukov\u00e9 st\u011bny u d\u00e1lnice<\/li>\n<li>Z\u00edskat a vyu\u017e\u00edt dotaci za poddolovan\u00e9 \u00fazem\u00ed m\u011bsta Paskova a Oprechtic<\/li>\n<li>U\u017e\u0161\u00ed spolupr\u00e1ce s m\u00edstn\u00edmi pr\u016fmyslov\u00fdmi podniky a\u00a0podnikateli<\/li>\n<\/ul>\n<h3>\u0160kola a \u0161kolka<\/h3>\n<ul>\n<li>Investice do vzd\u011bl\u00e1n\u00ed je jedna z na\u0161ich priorit<\/li>\n<\/ul>\n<h3>Zdravotn\u00ed p\u00e9\u010de ve m\u011bst\u011b<\/h3>\n<ul>\n<li>Hled\u00e1n\u00ed cest ke zv\u00fd\u0161en\u00ed dostupnosti l\u00e9ka\u0159sk\u00e9 p\u00e9\u010de ve\u00a0m\u011bst\u011b<\/li>\n<\/ul>\n<h3>Podpora m\u00edstn\u00edch talent\u016f<\/h3>\n<ul>\n<li>Vytvo\u0159en\u00ed syst\u00e9mu podpory, propagace a\u00a0spolupr\u00e1ce<\/li>\n<\/ul>\n<h3>Spolky jsou \u017eivot m\u011bsta<\/h3>\n<ul>\n<li>Nad\u00e1le pom\u00e1hat p\u0159i hled\u00e1n\u00ed a zaji\u0161\u0165ov\u00e1n\u00ed finan\u010dn\u00edch podpor na rozvoj spolkov\u00e9 \u010dinnosti<\/li>\n<li>Jednoduch\u00e1 spolupr\u00e1ce m\u011bsta se spolky<\/li>\n<\/ul>\n<h3>M\u011bstsk\u00fd \u00fa\u0159ad<\/h3>\n<ul>\n<li>Vst\u0159\u00edcnost se z\u00e1jmem o ob\u010dana<\/li>\n<li>P\u0159esun m\u011bstsk\u00e9ho \u00fa\u0159adu do\u00a0reprezentativn\u00edch prostor z\u00e1mku<\/li>\n<\/ul>\n<h3>Z\u00e1mek a park centrem kultury a odpo\u010dinku<\/h3>\n<ul>\n<li>Oprava, \u00fadr\u017eba, rozvoj a st\u00e1l\u00e1 p\u00e9\u010de o are\u00e1l<\/li>\n<li>Obnova okrasn\u00e9ho charakteru z\u00e1meck\u00e9ho parku<\/li>\n<li>Oprava a vyu\u017eit\u00ed \u201ePrim\u00e1\u0159ovy vily\u201d<\/li>\n<\/ul>\n<h3>P\u0159edz\u00e1m\u010d\u00ed<\/h3>\n<ul>\n<li>Objekt s bezbari\u00e9rov\u00fdmi slu\u017ebami pro ob\u010dany (po\u0161ta, denn\u00ed stacion\u00e1\u0159 pro seniory)<\/li>\n<li>Vyu\u017eit\u00ed dotac\u00ed pro jeho revitalizaci<\/li>\n<\/ul>\n<h3>P\u00e9\u010de o vzhled na\u0161eho m\u011bsta<\/h3>\n<ul>\n<li>\u00daprava a roz\u0161\u00ed\u0159en\u00ed zelen\u011b<\/li>\n<li>Spolupr\u00e1ce s m\u011bstsk\u00fdm architektem<\/li>\n<li>Oprava budov v majetku m\u011bsta<\/li>\n<\/ul>\n<h4>Vyu\u017e\u00edv\u00e1n\u00ed pob\u00eddek a dotac\u00ed p\u0159i rozvoji m\u011bsta<\/h4>\n<ul>\n<li>Vyu\u017e\u00edv\u00e1n\u00ed finan\u010dn\u00edch prost\u0159edk\u016f z dota\u010dn\u00edch titul\u016f p\u0159i investi\u010dn\u00edch akc\u00edch m\u011bsta<\/li>\n<li>Rozvoj bydlen\u00ed<\/li>\n<\/ul>\n<h3>Doprava a infrastruktura<\/h3>\n<ul>\n<li>\u00daspory energi\u00ed, sn\u00ed\u017een\u00ed sv\u011bteln\u00e9ho smogu<\/li>\n<li>Zimn\u00ed \u00fadr\u017eba silnic s pou\u017eit\u00edm vlastn\u00ed techniky a\u00a0zam\u011bstnanc\u016f m\u011bsta<\/li>\n<li>Udr\u017een\u00ed dopravn\u00ed obslu\u017enosti m\u011bsta<\/li>\n<\/ul>\n<h3>Obohacen\u00ed \u017eivota senior\u016fm<\/h3>\n<ul>\n<li>Naslouch\u00e1n\u00ed jejich pot\u0159eb\u00e1m, rozvoj aktivit<\/li>\n<\/ul>\n","protected":false},"excerpt":{"rendered":"<p>Co je podle n\u00e1s nyn\u00ed d\u016fle\u017eit\u00e9 &#8230; M\u00edstn\u00ed pr\u016fmysl a \u017eivotn\u00ed prost\u0159ed\u00ed Likvidace haldy nesm\u00ed zhor\u0161it \u017eivot v Paskov\u011b Realizace protihlukov\u00e9 st\u011bny u d\u00e1lnice Z\u00edskat a vyu\u017e\u00edt dotaci za poddolovan\u00e9 [&hellip;]<\/p>\n","protected":false},"author":1,"featured_media":0,"parent":0,"menu_order":0,"comment_status":"closed","ping_status":"closed","template":"","meta":[],"_links":{"self":[{"href":"http:\/\/zalepsiobec.eu\/index.php?rest_route=\/wp\/v2\/pages\/727"}],"collection":[{"href":"http:\/\/zalepsiobec.eu\/index.php?rest_route=\/wp\/v2\/pages"}],"about":[{"href":"http:\/\/zalepsiobec.eu\/index.php?rest_route=\/wp\/v2\/types\/page"}],"author":[{"embeddable":true,"href":"http:\/\/zalepsiobec.eu\/index.php?rest_route=\/wp\/v2\/users\/1"}],"replies":[{"embeddable":true,"href":"http:\/\/zalepsiobec.eu\/index.php?rest_route=%2Fwp%2Fv2%2Fcomments&post=727"}],"version-history":[{"count":6,"href":"http:\/\/zalepsiobec.eu\/index.php?rest_route=\/wp\/v2\/pages\/727\/revisions"}],"predecessor-version":[{"id":733,"href":"http:\/\/zalepsiobec.eu\/index.php?rest_route=\/wp\/v2\/pages\/727\/revisions\/733"}],"wp:attachment":[{"href":"http:\/\/zalepsiobec.eu\/index.php?rest_route=%2Fwp%2Fv2%2Fmedia&parent=727"}],"curies":[{"name":"wp","href":"https:\/\/api.w.org\/{rel}","templated":true}]}}