{"id":97,"date":"2014-09-09T20:51:29","date_gmt":"2014-09-09T18:51:29","guid":{"rendered":"http:\/\/zalepsiobec.eu\/?page_id=97"},"modified":"2014-09-10T11:01:58","modified_gmt":"2014-09-10T09:01:58","slug":"volebni-program-2014","status":"publish","type":"page","link":"http:\/\/zalepsiobec.eu\/?page_id=97","title":{"rendered":"Volebn\u00ed program 2014"},"content":{"rendered":"<h2>Rozvoj a rekonstrukce are\u00e1lu paskovsk\u00e9ho z\u00e1mku v\u010detn\u011b bydlen\u00ed pro seniory<\/h2>\n<p>Postupn\u00e1 finan\u010dn\u011b zodpov\u011bdn\u00e1 rekonstrukce paskovsk\u00e9ho z\u00e1mku s\u00a0c\u00edlem o\u017eivit cel\u00fd are\u00e1l (p\u0159es\u00eddlen\u00ed M\u011bstsk\u00e9ho \u00fa\u0159adu, po\u0161ty, knihovny a ostatn\u00edch slu\u017eeb pro ob\u010dany v\u0161e s\u00a0bezbari\u00e9rov\u00fdm p\u0159\u00edstupem). Usilovat o z\u00edsk\u00e1n\u00ed pr\u00e1va u\u017e\u00edv\u00e1n\u00ed a spr\u00e1vy v\u0161ech zbyl\u00fdch ploch z\u00e1meck\u00e9ho parku, kter\u00e9 jsou nyn\u00ed majetkem st\u00e1tu, za \u00fa\u010delem jejich kulturn\u00edho a spole\u010densk\u00e9ho vyu\u017eit\u00ed. Vytvo\u0159en\u00ed finan\u010dn\u011b dostupn\u00e9ho bydlen\u00ed pro seniory ve vhodn\u00e9 budov\u011b z\u00e1mku.<\/p>\n<h2>Zv\u00fd\u0161en\u00ed bezpe\u010dnosti v\u00a0obci<\/h2>\n<p>Pokra\u010dovat v\u00a0pr\u016fkopnick\u00e9 spolupr\u00e1ci s M\u011bstskou polici\u00ed FM a d\u00e1le j\u00ed prohlubovat.<br \/>\nZaveden\u00ed mo\u017enosti registrace a \u010dipov\u00e1n\u00ed j\u00edzdn\u00edch kol.<br \/>\nSnaha o zaji\u0161t\u011bn\u00ed dodr\u017eov\u00e1n\u00ed povolen\u00e9 rychlosti instalac\u00ed zpomalovac\u00edch semafor\u016f na kritick\u00fdch m\u00edstech.<br \/>\nZ\u0159\u00edzen\u00ed dohledov\u00e9ho kamerov\u00e9ho syst\u00e9mu. Postupn\u00e1 rekonstrukce ve\u0159ejn\u00e9ho osv\u011btlen\u00ed.<\/p>\n<h2>Reorganizace \u201eSlu\u017eeb m\u011bsta\u201c tak, aby mohly b\u00fdt vyu\u017e\u00edv\u00e1ny ob\u010dany m\u011bsta<\/h2>\n<p>Naj\u00edt a zav\u00e9st vhodn\u00fd zp\u016fsob jak umo\u017enit ob\u010dan\u016fm vyu\u017e\u00edv\u00e1n\u00ed m\u011bstsk\u00fdch stroj\u016f, za\u0159\u00edzen\u00ed a dal\u0161\u00edch slu\u017eeb za \u00faplatu, nap\u0159.: se\u010den\u00ed tr\u00e1vy, o\u0159ez strom\u016f, \u010di\u0161t\u011bn\u00ed okap\u016f a \u017elab\u016f, zap\u016fj\u010den\u00ed le\u0161en\u00ed, Multik\u00e1ry, drti\u010de zahradn\u00edho odpadu, apod.<\/p>\n<h2>Podpora z\u00e1jmov\u00fdch, sportovn\u00edch a kulturn\u00edch aktivit a \u0159e\u0161en\u00ed sportovi\u0161\u0165 ve m\u011bst\u011b<\/h2>\n<p>Ve spolupr\u00e1ci s\u00a0majiteli naj\u00edt \u0159e\u0161en\u00ed problematiky dosluhuj\u00edc\u00edch sportovi\u0161\u0165 (nafukovac\u00ed hala, palubovka t\u011blocvi\u010dny) tak, aby mohly b\u00fdt halov\u00e9 sporty nad\u00e1le provozov\u00e1ny.<br \/>\nVytvo\u0159en\u00ed travnat\u00e9ho h\u0159i\u0161t\u011b v are\u00e1lu z\u00e1meck\u00e9ho parku pro rekrea\u010dn\u00ed m\u00ed\u010dov\u00e9 hry.<br \/>\nPokra\u010dovat v rozvoji kulturn\u00edch aktivit v kin\u011b Panorama Paskov (\u201cKulturn\u00ed podzim\u201d, apod).<\/p>\n<h2>Z\u0159\u00edzen\u00ed pr\u00e1vn\u00ed poradensk\u00e9 slu\u017eby ob\u010dan\u016fm<\/h2>\n<p>Bezplatn\u00e9 z\u00e1kladn\u00ed pr\u00e1vn\u00ed poradensk\u00e9 slu\u017eby ob\u010dan\u016fm Paskova.<\/p>\n<h2>\u017divotn\u00ed prost\u0159ed\u00ed a komun\u00e1ln\u00ed odpady<\/h2>\n<p>Zv\u00fd\u0161en\u00ed a optimalizace po\u010dtu kontejner\u016f na t\u0159\u00edd\u011bn\u00fd odpad.<br \/>\nZ\u0159\u00edzen\u00ed trval\u00e9ho kontejneru na velkoobjemov\u00fd odpad.<br \/>\nZaji\u0161t\u011bn\u00ed sez\u00f3nn\u00edch kontejner\u016f na bio odpad (list\u00ed, tr\u00e1va).<br \/>\nSt\u00e1l\u00e1 kontrola dodr\u017eov\u00e1n\u00ed hygienick\u00fdch limit\u016f okoln\u00edmi pr\u016fmyslov\u00fdmi podniky a vytv\u00e1\u0159en\u00ed tlaku na eliminaci jejich p\u0159ekra\u010dov\u00e1n\u00ed.<br \/>\nLikvidace \u010dern\u00fdch skl\u00e1dek a pou\u017e\u00edv\u00e1n\u00ed fotopast\u00ed.<\/p>\n","protected":false},"excerpt":{"rendered":"<p>Rozvoj a rekonstrukce are\u00e1lu paskovsk\u00e9ho z\u00e1mku v\u010detn\u011b bydlen\u00ed pro seniory Postupn\u00e1 finan\u010dn\u011b zodpov\u011bdn\u00e1 rekonstrukce paskovsk\u00e9ho z\u00e1mku s\u00a0c\u00edlem o\u017eivit cel\u00fd are\u00e1l (p\u0159es\u00eddlen\u00ed M\u011bstsk\u00e9ho \u00fa\u0159adu, po\u0161ty, knihovny a ostatn\u00edch slu\u017eeb pro ob\u010dany [&hellip;]<\/p>\n","protected":false},"author":1,"featured_media":0,"parent":0,"menu_order":0,"comment_status":"closed","ping_status":"closed","template":"","meta":[],"_links":{"self":[{"href":"http:\/\/zalepsiobec.eu\/index.php?rest_route=\/wp\/v2\/pages\/97"}],"collection":[{"href":"http:\/\/zalepsiobec.eu\/index.php?rest_route=\/wp\/v2\/pages"}],"about":[{"href":"http:\/\/zalepsiobec.eu\/index.php?rest_route=\/wp\/v2\/types\/page"}],"author":[{"embeddable":true,"href":"http:\/\/zalepsiobec.eu\/index.php?rest_route=\/wp\/v2\/users\/1"}],"replies":[{"embeddable":true,"href":"http:\/\/zalepsiobec.eu\/index.php?rest_route=%2Fwp%2Fv2%2Fcomments&post=97"}],"version-history":[{"count":4,"href":"http:\/\/zalepsiobec.eu\/index.php?rest_route=\/wp\/v2\/pages\/97\/revisions"}],"predecessor-version":[{"id":162,"href":"http:\/\/zalepsiobec.eu\/index.php?rest_route=\/wp\/v2\/pages\/97\/revisions\/162"}],"wp:attachment":[{"href":"http:\/\/zalepsiobec.eu\/index.php?rest_route=%2Fwp%2Fv2%2Fmedia&parent=97"}],"curies":[{"name":"wp","href":"https:\/\/api.w.org\/{rel}","templated":true}]}}